{"id":3,"date":"2023-12-13T15:57:48","date_gmt":"2023-12-13T18:57:48","guid":{"rendered":"http:\/\/on-charge.pt\/?page_id=3"},"modified":"2023-12-18T12:39:48","modified_gmt":"2023-12-18T15:39:48","slug":"politica-de-privacidade","status":"publish","type":"page","link":"https:\/\/on-charge.pt\/?page_id=3","title":{"rendered":"Pol\u00edtica de privacidade"},"content":{"rendered":"\t\t<div data-elementor-type=\"wp-page\" data-elementor-id=\"3\" class=\"elementor elementor-3\">\n\t\t\t\t<div class=\"elementor-element elementor-element-6d7ef2ad e-flex e-con-boxed e-con e-parent\" data-id=\"6d7ef2ad\" data-element_type=\"container\">\n\t\t\t\t\t<div class=\"e-con-inner\">\n\t\t\t\t<div class=\"elementor-element elementor-element-aad07da elementor-widget elementor-widget-heading\" data-id=\"aad07da\" data-element_type=\"widget\" data-widget_type=\"heading.default\">\n\t\t\t\t<div class=\"elementor-widget-container\">\n\t\t\t\t\t<h2 class=\"elementor-heading-title elementor-size-default\">Pol\u00edtica de Privacidade<\/h2>\t\t\t\t<\/div>\n\t\t\t\t<\/div>\n\t\t\t\t<div class=\"elementor-element elementor-element-3a89d09 elementor-widget elementor-widget-text-editor\" data-id=\"3a89d09\" data-element_type=\"widget\" data-widget_type=\"text-editor.default\">\n\t\t\t\t<div class=\"elementor-widget-container\">\n\t\t\t\t\t\t\t\t\t\n<p>A ON CHARGE garante a confidencialidade de todos os dados fornecidos pelos seus Utilizadores quer no registo quer no processo de compra.<\/p>\n\n\n\n<p>A recolha e tratamento de dados realiza-se de forma segura o que impede a sua perda ou manipula\u00e7\u00e3o. Todos os dados ser\u00e3o inseridos num Servidor Seguro que os encripta\/codifica. Poder\u00e1 verificar que o seu browser \u00e9 seguro se o s\u00edmbolo do cadeado aparecer ou se o endere\u00e7o come\u00e7a com https em vez de http.<\/p>\n\n\n\n<p>Os dados recolhidos no Site destinam-se ao processamento das encomendas e comunica\u00e7\u00e3o com os utilizadores, processamento de pedidos de informa\u00e7\u00e3o e de eventuais reclama\u00e7\u00f5es, an\u00e1lise estat\u00edstica, bem como a respetiva utiliza\u00e7\u00e3o para efeitos de marketing direto.<\/p>\n\n\n\n<p>A ON CHARGE garante a confidencialidade de todos os dados fornecidos pelos utilizadores do Site. N\u00e3o obstante a ON CHARGE proceder \u00e0 recolha e ao tratamento de dados de forma segura e que impede a sua perda ou manipula\u00e7\u00e3o, utilizando as t\u00e9cnicas mais aperfei\u00e7oadas para o efeito, informamos que a recolha em rede aberta permite a circula\u00e7\u00e3o dos dados pessoais sem condi\u00e7\u00f5es de seguran\u00e7a, correndo o risco de ser vistos e utilizados por terceiros n\u00e3o autorizados.<\/p>\n\n\n\n<p>Email: geral@on-charge.pt<\/p>\n\t\t\t\t\t\t\t\t<\/div>\n\t\t\t\t<\/div>\n\t\t\t\t\t<\/div>\n\t\t\t\t<\/div>\n\t\t\t\t<\/div>\n\t\t","protected":false},"excerpt":{"rendered":"<p>Pol\u00edtica de Privacidade A ON CHARGE garante a confidencialidade de todos os dados fornecidos pelos seus Utilizadores quer no registo quer no processo de compra. A<span class=\"excerpt-hellip\"> [\u2026]<\/span><\/p>\n","protected":false},"author":1,"featured_media":0,"parent":0,"menu_order":0,"comment_status":"closed","ping_status":"open","template":"","meta":{"footnotes":""},"class_list":["post-3","page","type-page","status-publish","hentry"],"_links":{"self":[{"href":"https:\/\/on-charge.pt\/index.php?rest_route=\/wp\/v2\/pages\/3","targetHints":{"allow":["GET"]}}],"collection":[{"href":"https:\/\/on-charge.pt\/index.php?rest_route=\/wp\/v2\/pages"}],"about":[{"href":"https:\/\/on-charge.pt\/index.php?rest_route=\/wp\/v2\/types\/page"}],"author":[{"embeddable":true,"href":"https:\/\/on-charge.pt\/index.php?rest_route=\/wp\/v2\/users\/1"}],"replies":[{"embeddable":true,"href":"https:\/\/on-charge.pt\/index.php?rest_route=%2Fwp%2Fv2%2Fcomments&post=3"}],"version-history":[{"count":4,"href":"https:\/\/on-charge.pt\/index.php?rest_route=\/wp\/v2\/pages\/3\/revisions"}],"predecessor-version":[{"id":217,"href":"https:\/\/on-charge.pt\/index.php?rest_route=\/wp\/v2\/pages\/3\/revisions\/217"}],"wp:attachment":[{"href":"https:\/\/on-charge.pt\/index.php?rest_route=%2Fwp%2Fv2%2Fmedia&parent=3"}],"curies":[{"name":"wp","href":"https:\/\/api.w.org\/{rel}","templated":true}]}}